{"id":55,"date":"2017-11-20T15:54:20","date_gmt":"2017-11-20T18:54:20","guid":{"rendered":"http:\/\/www.municipiosciudadsur.cl\/portal\/?page_id=55"},"modified":"2025-07-14T20:50:31","modified_gmt":"2025-07-14T23:50:31","slug":"directorio-2017-2018","status":"publish","type":"page","link":"https:\/\/www.municipiosciudadsur.cl\/portal\/directorio-2017-2018\/","title":{"rendered":"DIRECTORIO  2025 \u2013 2027"},"content":{"rendered":"\n<table style=\"width: 122.619%;\" border=\"1\" cellspacing=\"1\" cellpadding=\"1\">\n<tbody>\n<tr>\n<td style=\"width: 27.7381%;\">\n<h3>&nbsp;PRESIDENTE<\/h3>\n<\/td>\n<td style=\"width: 27.8468%;\">\n<h3>Alcaldesa Javiera Reyes Jara<\/h3>\n<\/td>\n<td style=\"width: 64.8562%;\">\n<h3>Municipalidad de Lo Espejo<\/h3>\n<\/td>\n<\/tr>\n<tr>\n<td style=\"width: 27.7381%;\">\n<h3>&nbsp;PRIMER VICEPRESIDENTE<\/h3>\n<\/td>\n<td style=\"width: 27.8468%;\">\n<h3>Alcalde Joel Olmos Espinoza<\/h3>\n<\/td>\n<td style=\"width: 64.8562%;\">\n<h3>Municipalidad de La Cisterna<\/h3>\n<\/td>\n<\/tr>\n<tr>\n<td style=\"width: 27.7381%;\">\n<h3>VICEPRESIDENTE<\/h3>\n<\/td>\n<td style=\"width: 27.8468%;\">\n<h3>Alcaldesa Carol Bown Sep\u00falveda<\/h3>\n<\/td>\n<td style=\"width: 64.8562%;\">\n<h3>Municipalidad de San Miguel<\/h3>\n<\/td>\n<\/tr>\n<tr>\n<td style=\"width: 27.7381%;\">\n<h3>VICEPRESIDENTE<\/h3>\n<\/td>\n<td style=\"width: 27.8468%;\">\n<h3>Alcalde Crist\u00f3bal Labra Bassa<\/h3>\n<\/td>\n<td style=\"width: 64.8562%;\">\n<h3>Municipalidad de San Joaqu\u00edn<\/h3>\n<\/td>\n<\/tr>\n<tr>\n<td style=\"width: 27.7381%;\">\n<h3>SECRETARIO<\/h3>\n<\/td>\n<td style=\"width: 27.8468%;\">\n<h3>Alcalde Manuel Z\u00fa\u00f1iga Aguilar<\/h3>\n<\/td>\n<td style=\"width: 64.8562%;\">\n<h3>Municipalidad de El Bosque<\/h3>\n<\/td>\n<\/tr>\n<tr>\n<td style=\"width: 27.7381%;\">\n<h3>TESORERO<\/h3>\n<\/td>\n<td style=\"width: 27.8468%;\">\n<h3>Alcalde Gustavo Toro Quintana<\/h3>\n<\/td>\n<td style=\"width: 64.8562%;\">\n<h3>Municipalidad de San Ram\u00f3n<\/h3>\n<\/td>\n<\/tr>\n<tr>\n<td style=\"width: 27.7381%;\">\n<h3>DIRECTORES<\/h3>\n<\/td>\n<td style=\"width: 27.8468%;\">\n<h3>Alcalde Johnny Y\u00e1\u00f1ez D\u00edaz<\/h3>\n<\/td>\n<td style=\"width: 64.8562%;\">\n<h3>Municipalidad de Cerrillos<\/h3>\n<\/td>\n<\/tr>\n<tr>\n<td style=\"width: 27.7381%;\">\n<h3>DIRECTORES<\/h3>\n<\/td>\n<td style=\"width: 27.8468%;\">\n<h3>Alcalde Claudio Arriagada Macaya<\/h3>\n<\/td>\n<td style=\"width: 64.8562%;\">\n<h3>Municipalidad de La Granja<\/h3>\n<\/td>\n<\/tr>\n<tr>\n<td style=\"width: 27.7381%;\">\n<h3>DIRECTORES<\/h3>\n<\/td>\n<td style=\"width: 27.8468%;\">\n<h3>Alcalde Christopher White B.<\/h3>\n<\/td>\n<td style=\"width: 64.8562%;\">\n<h3>Municipalidad de San Bernardo<\/h3>\n<\/td>\n<\/tr>\n<tr>\n<td style=\"width: 27.7381%;\">\n<h3>DIRECTORES<\/h3>\n<\/td>\n<td style=\"width: 27.8468%;\">\n<h3>Alcalde Luis Astudillo Peiretti<\/h3>\n<\/td>\n<td style=\"width: 64.8562%;\">\n<h3>Municipalidad de Pedro Aguirre Cerda<\/h3>\n<\/td>\n<\/tr>\n<tr>\n<td style=\"width: 27.7381%;\">\n<h3>DIRECTORES<\/h3>\n<\/td>\n<td style=\"width: 27.8468%;\">\n<h3>Concejala Karina Leyton Espinoza<\/h3>\n<\/td>\n<td style=\"width: 64.8562%;\">\n<h3>Municipalidad de San Bernardo<\/h3>\n<\/td>\n<\/tr>\n<tr>\n<td style=\"width: 27.7381%;\">\n<h3>DIRECTORES<\/h3>\n<\/td>\n<td style=\"width: 27.8468%;\">\n<h3>Concejala Eva Merino Garc\u00e9s<\/h3>\n<\/td>\n<td style=\"width: 64.8562%;\">\n<h3>Municipalidad de San Miguel<\/h3>\n<\/td>\n<\/tr>\n<tr>\n<td style=\"width: 27.7381%;\">\n<h3>DIRECTORES<\/h3>\n<\/td>\n<td style=\"width: 27.8468%;\">\n<h3>Concejal Fidel Contreras C\u00e9spedes<\/h3>\n<\/td>\n<td style=\"width: 64.8562%;\">\n<h3>Municipalidad de San Ram\u00f3n<\/h3>\n<\/td>\n<\/tr>\n<tr>\n<td style=\"width: 27.7381%;\">\n<h3>DIRECTORES<\/h3>\n<\/td>\n<td style=\"width: 27.8468%;\">\n<h3>Concejal Carlos N\u00fa\u00f1ez Villarroel<\/h3>\n<\/td>\n<td style=\"width: 64.8562%;\">\n<h3>Municipalidad de San Joaqu\u00edn<\/h3>\n<\/td>\n<\/tr>\n<\/tbody>\n<\/table>\n<p>&nbsp;<\/p>\n\n\n\n\n","protected":false},"excerpt":{"rendered":"<p>&nbsp;PRESIDENTE Alcaldesa Javiera Reyes Jara Municipalidad de Lo Espejo &nbsp;PRIMER VICEPRESIDENTE Alcalde Joel Olmos Espinoza Municipalidad de La Cisterna VICEPRESIDENTE Alcaldesa Carol Bown Sep\u00falveda Municipalidad de San Miguel VICEPRESIDENTE Alcalde Crist\u00f3bal Labra Bassa Municipalidad de San Joaqu\u00edn SECRETARIO Alcalde Manuel Z\u00fa\u00f1iga Aguilar Municipalidad de El Bosque TESORERO Alcalde Gustavo Toro Quintana Municipalidad de San Ram\u00f3n DIRECTORES Alcalde Johnny Y\u00e1\u00f1ez D\u00edaz Municipalidad de Cerrillos DIRECTORES Alcalde Claudio Arriagada Macaya Municipalidad de&#8230;<\/p>\n","protected":false},"author":1,"featured_media":0,"parent":0,"menu_order":0,"comment_status":"closed","ping_status":"closed","template":"full-width-page.php","meta":{"ngg_post_thumbnail":0,"footnotes":""},"class_list":["post-55","page","type-page","status-publish","hentry"],"_links":{"self":[{"href":"https:\/\/www.municipiosciudadsur.cl\/portal\/wp-json\/wp\/v2\/pages\/55","targetHints":{"allow":["GET"]}}],"collection":[{"href":"https:\/\/www.municipiosciudadsur.cl\/portal\/wp-json\/wp\/v2\/pages"}],"about":[{"href":"https:\/\/www.municipiosciudadsur.cl\/portal\/wp-json\/wp\/v2\/types\/page"}],"author":[{"embeddable":true,"href":"https:\/\/www.municipiosciudadsur.cl\/portal\/wp-json\/wp\/v2\/users\/1"}],"replies":[{"embeddable":true,"href":"https:\/\/www.municipiosciudadsur.cl\/portal\/wp-json\/wp\/v2\/comments?post=55"}],"version-history":[{"count":18,"href":"https:\/\/www.municipiosciudadsur.cl\/portal\/wp-json\/wp\/v2\/pages\/55\/revisions"}],"predecessor-version":[{"id":3667,"href":"https:\/\/www.municipiosciudadsur.cl\/portal\/wp-json\/wp\/v2\/pages\/55\/revisions\/3667"}],"wp:attachment":[{"href":"https:\/\/www.municipiosciudadsur.cl\/portal\/wp-json\/wp\/v2\/media?parent=55"}],"curies":[{"name":"wp","href":"https:\/\/api.w.org\/{rel}","templated":true}]}}