{"id":51,"date":"2017-11-20T15:51:02","date_gmt":"2017-11-20T18:51:02","guid":{"rendered":"http:\/\/www.municipiosciudadsur.cl\/portal\/?page_id=51"},"modified":"2023-02-03T14:31:09","modified_gmt":"2023-02-03T17:31:09","slug":"presentacion","status":"publish","type":"page","link":"https:\/\/www.municipiosciudadsur.cl\/portal\/presentacion\/","title":{"rendered":"PRESENTACI\u00d3N"},"content":{"rendered":"<h3 style=\"text-align: justify;\">Los esfuerzos asociativos en la Zona Sur del Gran Santiago datan de los a\u00f1os 90, cuando los municipios de El Bosque, Lo Espejo y San Bernardo crearon la Asociaci\u00f3n de Municipios La Perla, que funcion\u00f3 entre los a\u00f1os 1998 y 2004, como un espacio intercomunal, recreativo, cultural y de promoci\u00f3n al fomento productivo.<\/h3>\n<h3 style=\"text-align: justify;\">Luego, con un enfoque centrado en la territorialidad, se propone a las 10 comunas de la Zona Sur, constituir la Asociaci\u00f3n de Municipios Ciudad Sur \u2013 \u201cCiudad Sur\u201d, lo que fue formalizado en el mes de junio de 2010, a trav\u00e9s de la firma de un Convenio de Colaboraci\u00f3n que suscribieron 7 municipios.<\/h3>\n<h3 style=\"text-align: justify;\">A fines de 2014, Ciudad Sur se constituy\u00f3 como entidad de derecho privado sin fines de lucro, compuesta por los municipios de Lo Espejo, El Bosque, Pedro Aguirre Cerda, La Granja, San Ram\u00f3n y San Joaqu\u00edn.<\/h3>\n<h3 style=\"text-align: justify;\">A enero 2023 se encuentran incorporadas tambi\u00e9n las municipalidades de Cerrillos y, nuevamente, la municipalidad de San Bernardo, contando Ciudad Sur con 8 municipios miembro que abarcan una poblaci\u00f3n total de 1.122.698 habitantes.<\/h3>\n<h3 style=\"text-align: justify;\">Su prop\u00f3sito es generar condiciones de mayor equidad territorial, inclusi\u00f3n social y m\u00e1s oportunidades para la poblaci\u00f3n, a trav\u00e9s del intercambio de buenas pr\u00e1cticas, la ejecuci\u00f3n de proyectos intercomunales, la planificaci\u00f3n estrat\u00e9gica, la construcci\u00f3n de lenguajes comunes y, por lo mismo, el perfeccionamiento continuo de la gesti\u00f3n de los municipios socios.<\/h3>\n<h3 style=\"text-align: justify;\">La instituci\u00f3n es conducida por un Directorio conformado por el alcalde o alcaldesa y un concejal(a) de cada municipio socio y opera a trav\u00e9s del equipo de la Secretar\u00eda Ejecutiva y la coordinaci\u00f3n de comisiones tem\u00e1ticas intermunicipales y de proyectos financiados con fondos nacionales y extranjeros.<\/h3>\n","protected":false},"excerpt":{"rendered":"<p>Los esfuerzos asociativos en la Zona Sur del Gran Santiago datan de los a\u00f1os 90, cuando los municipios de El Bosque, Lo Espejo y San Bernardo crearon la Asociaci\u00f3n de Municipios La Perla, que funcion\u00f3 entre los a\u00f1os 1998 y 2004, como un espacio intercomunal, recreativo, cultural y de promoci\u00f3n al fomento productivo. Luego, con un enfoque centrado en la territorialidad, se propone a las 10 comunas de la Zona&#8230;<\/p>\n","protected":false},"author":1,"featured_media":0,"parent":0,"menu_order":0,"comment_status":"closed","ping_status":"closed","template":"","meta":{"ngg_post_thumbnail":0,"footnotes":""},"class_list":["post-51","page","type-page","status-publish","hentry"],"_links":{"self":[{"href":"https:\/\/www.municipiosciudadsur.cl\/portal\/wp-json\/wp\/v2\/pages\/51","targetHints":{"allow":["GET"]}}],"collection":[{"href":"https:\/\/www.municipiosciudadsur.cl\/portal\/wp-json\/wp\/v2\/pages"}],"about":[{"href":"https:\/\/www.municipiosciudadsur.cl\/portal\/wp-json\/wp\/v2\/types\/page"}],"author":[{"embeddable":true,"href":"https:\/\/www.municipiosciudadsur.cl\/portal\/wp-json\/wp\/v2\/users\/1"}],"replies":[{"embeddable":true,"href":"https:\/\/www.municipiosciudadsur.cl\/portal\/wp-json\/wp\/v2\/comments?post=51"}],"version-history":[{"count":5,"href":"https:\/\/www.municipiosciudadsur.cl\/portal\/wp-json\/wp\/v2\/pages\/51\/revisions"}],"predecessor-version":[{"id":1519,"href":"https:\/\/www.municipiosciudadsur.cl\/portal\/wp-json\/wp\/v2\/pages\/51\/revisions\/1519"}],"wp:attachment":[{"href":"https:\/\/www.municipiosciudadsur.cl\/portal\/wp-json\/wp\/v2\/media?parent=51"}],"curies":[{"name":"wp","href":"https:\/\/api.w.org\/{rel}","templated":true}]}}