{"id":308,"date":"2017-12-21T01:17:47","date_gmt":"2017-12-21T04:17:47","guid":{"rendered":"http:\/\/www.municipiosciudadsur.cl\/portal\/?page_id=308"},"modified":"2024-01-03T15:20:53","modified_gmt":"2024-01-03T18:20:53","slug":"geleria","status":"publish","type":"page","link":"https:\/\/www.municipiosciudadsur.cl\/portal\/geleria\/","title":{"rendered":"Galer\u00eda Im\u00e1genes"},"content":{"rendered":"<h2 class=\"entry-title\" style=\"text-align: center;\">Ruta Ambiental Intercomunal (2018)<\/h2>\nngg_shortcode_0_placeholder\n<h2 class=\"entry-title\" style=\"text-align: center;\">Taller del Concurso Medioambiental de Ciudad Sur<\/h2>\nngg_shortcode_1_placeholder\n<h2 class=\"entry-title\" style=\"text-align: center;\">Ciudad Sur realiza su Segunda Jornada Ampliada de trabajo 2017-2018<\/h2>\nngg_shortcode_2_placeholder\n<h2 style=\"text-align: center;\">Talleres con vecinos sobre uso de la plataforma registro social de hogares<\/h2>\n<h3 style=\"text-align: center;\">(oct.-nov. 2017)<\/h3>\n<p>&nbsp;<\/p>\nngg_shortcode_3_placeholder\n<p>&nbsp;<\/p>\n<h2 style=\"text-align: center;\">&nbsp;Acto de inauguraci\u00f3n proyecto \u201cplan participativo de acci\u00f3n y mitigaci\u00f3n del cambio clim\u00e1tico\u201d<\/h2>\n<h3 style=\"text-align: center;\">(28.11.2017)<\/h3>\nngg_shortcode_4_placeholder\n<h2 style=\"text-align: center;\">Conformaci\u00f3n de la \u201cred ambiental intercomunal\u201d<\/h2>\n<h3 style=\"text-align: center;\">(Noviembre 2017)<\/h3>\nngg_shortcode_5_placeholder\n","protected":false},"excerpt":{"rendered":"<p>Ruta Ambiental Intercomunal (2018) &#8221; order_by=&#8221;sortorder&#8221; order_direction=&#8221;ASC&#8221; returns=&#8221;included&#8221; maximum_entity_count=&#8221;500&#8243;] Taller del Concurso Medioambiental de Ciudad Sur &#8221; order_by=&#8221;sortorder&#8221; order_direction=&#8221;ASC&#8221; returns=&#8221;included&#8221; maximum_entity_count=&#8221;500&#8243;] Ciudad Sur realiza su Segunda Jornada Ampliada de trabajo 2017-2018 &#8221; order_by=&#8221;sortorder&#8221; order_direction=&#8221;ASC&#8221; returns=&#8221;included&#8221; maximum_entity_count=&#8221;500&#8243;] Talleres con vecinos sobre uso de la plataforma registro social de hogares (oct.-nov. 2017) &nbsp; &#8221; template=&#8221;default&#8221; order_by=&#8221;sortorder&#8221; order_direction=&#8221;ASC&#8221; returns=&#8221;included&#8221; maximum_entity_count=&#8221;500&#8243;] &nbsp; &nbsp;Acto de inauguraci\u00f3n proyecto \u201cplan participativo de acci\u00f3n y mitigaci\u00f3n del cambio&#8230;<\/p>\n","protected":false},"author":1,"featured_media":0,"parent":0,"menu_order":0,"comment_status":"closed","ping_status":"closed","template":"","meta":{"ngg_post_thumbnail":0,"footnotes":""},"class_list":["post-308","page","type-page","status-publish","hentry"],"_links":{"self":[{"href":"https:\/\/www.municipiosciudadsur.cl\/portal\/wp-json\/wp\/v2\/pages\/308","targetHints":{"allow":["GET"]}}],"collection":[{"href":"https:\/\/www.municipiosciudadsur.cl\/portal\/wp-json\/wp\/v2\/pages"}],"about":[{"href":"https:\/\/www.municipiosciudadsur.cl\/portal\/wp-json\/wp\/v2\/types\/page"}],"author":[{"embeddable":true,"href":"https:\/\/www.municipiosciudadsur.cl\/portal\/wp-json\/wp\/v2\/users\/1"}],"replies":[{"embeddable":true,"href":"https:\/\/www.municipiosciudadsur.cl\/portal\/wp-json\/wp\/v2\/comments?post=308"}],"version-history":[{"count":13,"href":"https:\/\/www.municipiosciudadsur.cl\/portal\/wp-json\/wp\/v2\/pages\/308\/revisions"}],"predecessor-version":[{"id":1561,"href":"https:\/\/www.municipiosciudadsur.cl\/portal\/wp-json\/wp\/v2\/pages\/308\/revisions\/1561"}],"wp:attachment":[{"href":"https:\/\/www.municipiosciudadsur.cl\/portal\/wp-json\/wp\/v2\/media?parent=308"}],"curies":[{"name":"wp","href":"https:\/\/api.w.org\/{rel}","templated":true}]}}