{"id":2578,"date":"2024-03-12T10:38:41","date_gmt":"2024-03-12T13:38:41","guid":{"rendered":"https:\/\/www.municipiosciudadsur.cl\/portal\/?page_id=2578"},"modified":"2024-04-01T15:36:46","modified_gmt":"2024-04-01T18:36:46","slug":"sebastian-zuniga","status":"publish","type":"page","link":"https:\/\/www.municipiosciudadsur.cl\/portal\/sebastian-zuniga\/","title":{"rendered":"Sebasti\u00e1n Z\u00fa\u00f1iga"},"content":{"rendered":"<div id=\"wppdfemb-frame-container-2838\"><iframe id=\"wppdf-emb-iframe-2838\" scrolling=\"no\" data-pdf-index=\"2\" class=\"pdfembed-iframe nonfullscreen\" style=\"border: none; width:100%; max-width: 100%; min-height: 1000px;\" src=\"https:\/\/www.municipiosciudadsur.cl\/portal?pdfID=2838&#038;url=https%3A%2F%2Fwww.municipiosciudadsur.cl%2Fportal%2Fwp-content%2Fuploads%2F2024%2F04%2FRAM_Sebastian_Zuniga.pdf&#038;openPopupId=&#038;index=2\" ><\/iframe><\/div>","protected":false},"excerpt":{"rendered":"","protected":false},"author":1,"featured_media":0,"parent":0,"menu_order":0,"comment_status":"closed","ping_status":"closed","template":"full-width-page.php","meta":{"ngg_post_thumbnail":0,"footnotes":""},"class_list":["post-2578","page","type-page","status-publish","hentry"],"_links":{"self":[{"href":"https:\/\/www.municipiosciudadsur.cl\/portal\/wp-json\/wp\/v2\/pages\/2578","targetHints":{"allow":["GET"]}}],"collection":[{"href":"https:\/\/www.municipiosciudadsur.cl\/portal\/wp-json\/wp\/v2\/pages"}],"about":[{"href":"https:\/\/www.municipiosciudadsur.cl\/portal\/wp-json\/wp\/v2\/types\/page"}],"author":[{"embeddable":true,"href":"https:\/\/www.municipiosciudadsur.cl\/portal\/wp-json\/wp\/v2\/users\/1"}],"replies":[{"embeddable":true,"href":"https:\/\/www.municipiosciudadsur.cl\/portal\/wp-json\/wp\/v2\/comments?post=2578"}],"version-history":[{"count":3,"href":"https:\/\/www.municipiosciudadsur.cl\/portal\/wp-json\/wp\/v2\/pages\/2578\/revisions"}],"predecessor-version":[{"id":2839,"href":"https:\/\/www.municipiosciudadsur.cl\/portal\/wp-json\/wp\/v2\/pages\/2578\/revisions\/2839"}],"wp:attachment":[{"href":"https:\/\/www.municipiosciudadsur.cl\/portal\/wp-json\/wp\/v2\/media?parent=2578"}],"curies":[{"name":"wp","href":"https:\/\/api.w.org\/{rel}","templated":true}]}}