{"id":1596,"date":"2024-01-05T23:49:45","date_gmt":"2024-01-06T02:49:45","guid":{"rendered":"https:\/\/www.municipiosciudadsur.cl\/portal\/?page_id=1596"},"modified":"2024-10-25T15:18:18","modified_gmt":"2024-10-25T18:18:18","slug":"red-de-agentes-culturales-de-artes-musicales-ciudad-sur","status":"publish","type":"page","link":"https:\/\/www.municipiosciudadsur.cl\/portal\/red-de-agentes-culturales-de-artes-musicales-ciudad-sur\/","title":{"rendered":"RED DE AGENTES CULTURALES DE ARTES MUSICALES"},"content":{"rendered":"\n<h2 id=\"tablepress-3-name\" class=\"tablepress-table-name tablepress-table-name-id-3\">3-ram-artes-musicales.csv<\/h2>\n\n<table id=\"tablepress-3\" class=\"tablepress tablepress-id-3\" aria-labelledby=\"tablepress-3-name\" aria-describedby=\"tablepress-3-description\">\n<thead>\n<tr class=\"row-1\">\n\t<th class=\"column-1\">N\u00ba<\/th><th class=\"column-2\">Nombre<\/th>\n<\/tr>\n<\/thead>\n<tbody class=\"row-striping row-hover\">\n<tr class=\"row-2\">\n\t<td class=\"column-1\">1<\/td><td class=\"column-2\"><a href=\"https:\/\/www.municipiosciudadsur.cl\/portal\/alex-guerrero-chinga\/\">\u00c1lex Guerrero Chinga<\/a><\/td>\n<\/tr>\n<tr class=\"row-3\">\n\t<td class=\"column-1\">2<\/td><td class=\"column-2\"><a href=\"https:\/\/www.municipiosciudadsur.cl\/portal\/alvaro-mancilla-gonzalez\/\">\u00c1lvaro Mancilla Gonz\u00e1lez<\/a><\/td>\n<\/tr>\n<tr class=\"row-4\">\n\t<td class=\"column-1\">3<\/td><td class=\"column-2\"><a href=\"https:\/\/www.municipiosciudadsur.cl\/portal\/andy-leiva\/\">Andy Leiva<\/a><\/td>\n<\/tr>\n<tr class=\"row-5\">\n\t<td class=\"column-1\">4<\/td><td class=\"column-2\"><a href=\"https:\/\/www.municipiosciudadsur.cl\/portal\/antonia-contreras\/\">Antonia Contreras Adriazola \/ Antu Contreras<\/a><\/td>\n<\/tr>\n<tr class=\"row-6\">\n\t<td class=\"column-1\">5<\/td><td class=\"column-2\"><a href=\"https:\/\/www.municipiosciudadsur.cl\/portal\/barbara-amigo\/\">B\u00e1rbara Amigo<\/a><\/td>\n<\/tr>\n<tr class=\"row-7\">\n\t<td class=\"column-1\">6<\/td><td class=\"column-2\"><a href=\"https:\/\/www.municipiosciudadsur.cl\/portal\/bernardita-moreno-abejares\/\">Bernardita Moreno Abejares<\/a><\/td>\n<\/tr>\n<tr class=\"row-8\">\n\t<td class=\"column-1\">7<\/td><td class=\"column-2\"><a href=\"https:\/\/www.municipiosciudadsur.cl\/portal\/carlos-fernando-jara-riquelme\/\">Carlos Fernando Jara Riquelme<\/a><\/td>\n<\/tr>\n<tr class=\"row-9\">\n\t<td class=\"column-1\">8<\/td><td class=\"column-2\"><a href=\"https:\/\/www.municipiosciudadsur.cl\/portal\/carlos-munoz-jimenez\/\">Carlos Mu\u00f1oz Jim\u00e9nez<\/a><\/td>\n<\/tr>\n<tr class=\"row-10\">\n\t<td class=\"column-1\">9<\/td><td class=\"column-2\"><a href=\"https:\/\/www.municipiosciudadsur.cl\/portal\/carolina-casanellas\/\">Carolina Casanellas Leiva<\/a><\/td>\n<\/tr>\n<tr class=\"row-11\">\n\t<td class=\"column-1\">10<\/td><td class=\"column-2\"><a href=\"https:\/\/www.municipiosciudadsur.cl\/portal\/celeste-martin-guevara\/\">Celeste Mart\u00edn Guevara<\/a><\/td>\n<\/tr>\n<tr class=\"row-12\">\n\t<td class=\"column-1\">11<\/td><td class=\"column-2\"><a href=\"https:\/\/www.municipiosciudadsur.cl\/portal\/cesar-torres-munoz-la-tusa-cumbia\/\">C\u00e9sar Torres Mu\u00f1oz \/ \u201cLa Tusa Cumbia\u201d<\/a><\/td>\n<\/tr>\n<tr class=\"row-13\">\n\t<td class=\"column-1\">12<\/td><td class=\"column-2\"><a href=\"https:\/\/www.municipiosciudadsur.cl\/portal\/claudia-hernandez-iglesias\/\">Claudia Hern\u00e1ndez Iglesias<\/a><\/td>\n<\/tr>\n<tr class=\"row-14\">\n\t<td class=\"column-1\">13<\/td><td class=\"column-2\"><a href=\"https:\/\/www.municipiosciudadsur.cl\/portal\/claudio-francisco-javier-martinez\/\">Claudio Francisco Javier Mart\u00ednez<\/a><\/td>\n<\/tr>\n<tr class=\"row-15\">\n\t<td class=\"column-1\">14<\/td><td class=\"column-2\"><a href=\"https:\/\/www.municipiosciudadsur.cl\/portal\/coro-de-ninos-san-joaquin-luis-riquelme-segura\/\">Coro de Ni\u00f1os San Joaqu\u00edn \/Luis Riquelme Segura<\/a><\/td>\n<\/tr>\n<tr class=\"row-16\">\n\t<td class=\"column-1\">15<\/td><td class=\"column-2\"><a href=\"https:\/\/www.municipiosciudadsur.cl\/portal\/cristian-araus-profeta-marginal\/\">Cristian Araus \/ Profeta Marginal<\/a><\/td>\n<\/tr>\n<tr class=\"row-17\">\n\t<td class=\"column-1\">16<\/td><td class=\"column-2\"><a href=\"https:\/\/www.municipiosciudadsur.cl\/portal\/cristian-leonardo-ortiz-sanchez\/\">Leonardo Ort\u00edz S\u00e1nchez<\/a><\/td>\n<\/tr>\n<tr class=\"row-18\">\n\t<td class=\"column-1\">17<\/td><td class=\"column-2\"><a href=\"https:\/\/www.municipiosciudadsur.cl\/portal\/daniela-fouere\/\">Daniela Fouer\u00e9<\/a><\/td>\n<\/tr>\n<tr class=\"row-19\">\n\t<td class=\"column-1\">18<\/td><td class=\"column-2\"><a href=\"https:\/\/www.municipiosciudadsur.cl\/portal\/diego-munoz-mendez\/\">Diego Mu\u00f1oz M\u00e9ndez<\/a><\/td>\n<\/tr>\n<tr class=\"row-20\">\n\t<td class=\"column-1\">19<\/td><td class=\"column-2\"><a href=\"https:\/\/www.municipiosciudadsur.cl\/portal\/edinson-zamorano-cortes\/\">Edinson Zamorano Cort\u00e9s<\/a><\/td>\n<\/tr>\n<tr class=\"row-21\">\n\t<td class=\"column-1\">20<\/td><td class=\"column-2\"><a href=\"https:\/\/www.municipiosciudadsur.cl\/portal\/eliseo-josafat-hidalgo-torres\/\">Eliseo Josafat Hidalgo Torres<\/a><\/td>\n<\/tr>\n<tr class=\"row-22\">\n\t<td class=\"column-1\">21<\/td><td class=\"column-2\"><a href=\"https:\/\/www.municipiosciudadsur.cl\/portal\/erick-antonio-rivera-julio\/\">Erick Antonio Rivera Julio<\/a><\/td>\n<\/tr>\n<tr class=\"row-23\">\n\t<td class=\"column-1\">22<\/td><td class=\"column-2\"><a href=\"https:\/\/www.municipiosciudadsur.cl\/portal\/fabian-rubio-fuenzalida\/\">Fabi\u00e1n Rubio Fuenzalida<\/a><\/td>\n<\/tr>\n<tr class=\"row-24\">\n\t<td class=\"column-1\">23<\/td><td class=\"column-2\"><a href=\"https:\/\/www.municipiosciudadsur.cl\/portal\/felipe-rojas-palma-lex-wolf\/\">Felipe Rojas Palma \/ \u201cLex Wolf \u201c<\/a><\/td>\n<\/tr>\n<tr class=\"row-25\">\n\t<td class=\"column-1\">24<\/td><td class=\"column-2\"><a href=\"https:\/\/www.municipiosciudadsur.cl\/portal\/german-torres-merino\/\">Germ\u00e1n Torres Merino<\/a><\/td>\n<\/tr>\n<tr class=\"row-26\">\n\t<td class=\"column-1\">25<\/td><td class=\"column-2\"><a href=\"https:\/\/www.municipiosciudadsur.cl\/portal\/ivan-torres-zapatillas-social-blues\/\">Iv\u00e1n Torres \/ Zapatillas Social Blues<\/a><\/td>\n<\/tr>\n<tr class=\"row-27\">\n\t<td class=\"column-1\">26<\/td><td class=\"column-2\"><a href=\"https:\/\/www.municipiosciudadsur.cl\/portal\/jaime-maturana-vasquez-coro-voz-de-la-inclusion\/\">Jaime Maturana V\u00e1squez \/ Coro Voz de la Inclusi\u00f3n<\/a><\/td>\n<\/tr>\n<tr class=\"row-28\">\n\t<td class=\"column-1\">27<\/td><td class=\"column-2\"><a href=\"https:\/\/www.municipiosciudadsur.cl\/portal\/jeannette-cristina-garces-gonzalez\/\">Jeannette Cristina Garc\u00e9s Gonz\u00e1lez<\/a><\/td>\n<\/tr>\n<tr class=\"row-29\">\n\t<td class=\"column-1\">28<\/td><td class=\"column-2\"><a href=\"https:\/\/www.municipiosciudadsur.cl\/portal\/jorge-indo\/\">Jorge Indo<\/a><\/td>\n<\/tr>\n<tr class=\"row-30\">\n\t<td class=\"column-1\">29<\/td><td class=\"column-2\"><a href=\"https:\/\/www.municipiosciudadsur.cl\/portal\/juan-cristobal-guerra-leiva\/\">Juan Crist\u00f3bal Guerra Leiva<\/a><\/td>\n<\/tr>\n<tr class=\"row-31\">\n\t<td class=\"column-1\">30<\/td><td class=\"column-2\"><a href=\"https:\/\/www.municipiosciudadsur.cl\/portal\/juan-rodrigo\/\">Juan Rodrigo<\/a><\/td>\n<\/tr>\n<tr class=\"row-32\">\n\t<td class=\"column-1\">31<\/td><td class=\"column-2\"><a href=\"https:\/\/www.municipiosciudadsur.cl\/portal\/lucas-barra-retamal-biggie-balu\/\">Lucas Barra Retamal \/ \u201cBiggie Balu\u201d<\/a><\/td>\n<\/tr>\n<tr class=\"row-33\">\n\t<td class=\"column-1\">32<\/td><td class=\"column-2\"><a href=\"https:\/\/www.municipiosciudadsur.cl\/portal\/karem-curmi-escobar-anabalon\/\">Karem Curmi Escobar Anabal\u00f3n<\/a><\/td>\n<\/tr>\n<tr class=\"row-34\">\n\t<td class=\"column-1\">33<\/td><td class=\"column-2\"><a href=\"https:\/\/www.municipiosciudadsur.cl\/portal\/luis-rene-riquelme-segura\/\">Luis Rene Riquelme Segura<\/a><\/td>\n<\/tr>\n<tr class=\"row-35\">\n\t<td class=\"column-1\">34<\/td><td class=\"column-2\"><a href=\"https:\/\/www.municipiosciudadsur.cl\/portal\/maria-francisca-inostroza-gaete\/\">Mar\u00eda Francisca Inostroza Gaete<\/a><\/td>\n<\/tr>\n<tr class=\"row-36\">\n\t<td class=\"column-1\">35<\/td><td class=\"column-2\"><a href=\"https:\/\/www.municipiosciudadsur.cl\/portal\/mauricio-rivas\/\">Mauricio Rivas<\/a><\/td>\n<\/tr>\n<tr class=\"row-37\">\n\t<td class=\"column-1\">36<\/td><td class=\"column-2\"><a href=\"https:\/\/www.municipiosciudadsur.cl\/portal\/mariella-pezo-jara\/\">Mariella Pezo Jara<\/a><\/td>\n<\/tr>\n<tr class=\"row-38\">\n\t<td class=\"column-1\">37<\/td><td class=\"column-2\"><a href=\"https:\/\/www.municipiosciudadsur.cl\/portal\/miguel-angel-gomez-riveros\/\">Miguel \u00c1ngel G\u00f3mez Riveros<\/a><\/td>\n<\/tr>\n<tr class=\"row-39\">\n\t<td class=\"column-1\">38<\/td><td class=\"column-2\"><a href=\"https:\/\/www.municipiosciudadsur.cl\/portal\/miloska-valero-quiroz\/\">Miloska Valero Quiroz<\/a><\/td>\n<\/tr>\n<tr class=\"row-40\">\n\t<td class=\"column-1\">39<\/td><td class=\"column-2\"><a href=\"https:\/\/www.municipiosciudadsur.cl\/portal\/natali-ruz\/\">Natali Ruz<\/a><\/td>\n<\/tr>\n<tr class=\"row-41\">\n\t<td class=\"column-1\">40<\/td><td class=\"column-2\"><a href=\"https:\/\/www.municipiosciudadsur.cl\/portal\/nicolas-estay-morey-nemesis\/\">Nyx Mor<\/a><\/td>\n<\/tr>\n<tr class=\"row-42\">\n\t<td class=\"column-1\">41<\/td><td class=\"column-2\"><a href=\"https:\/\/www.municipiosciudadsur.cl\/portal\/nicolas-eduardo-mundaca-mundaca\/\">Nicol\u00e1s Eduardo Mundaca Mundaca<\/a><\/td>\n<\/tr>\n<tr class=\"row-43\">\n\t<td class=\"column-1\">42<\/td><td class=\"column-2\"><a href=\"https:\/\/www.municipiosciudadsur.cl\/portal\/pancho-miranda-banda\/\">Pancho Miranda Banda<\/a><\/td>\n<\/tr>\n<tr class=\"row-44\">\n\t<td class=\"column-1\">43<\/td><td class=\"column-2\"><a href=\"https:\/\/www.municipiosciudadsur.cl\/portal\/patricia-diaz-vilches\/\">Patricia D\u00edaz Vilches<\/a><\/td>\n<\/tr>\n<tr class=\"row-45\">\n\t<td class=\"column-1\">44<\/td><td class=\"column-2\"><a href=\"https:\/\/www.municipiosciudadsur.cl\/portal\/pedro-sepulveda-mardones-jacha-inti\/\">Pedro Sep\u00falveda Mardones \/ JACHA INTI<\/a><\/td>\n<\/tr>\n<tr class=\"row-46\">\n\t<td class=\"column-1\">45<\/td><td class=\"column-2\"><a href=\"https:\/\/www.municipiosciudadsur.cl\/portal\/renato-villagra-sanchez\/\">Renato Villagra S\u00e1nchez<\/a><\/td>\n<\/tr>\n<tr class=\"row-47\">\n\t<td class=\"column-1\">46<\/td><td class=\"column-2\"><a href=\"https:\/\/www.municipiosciudadsur.cl\/portal\/ricardo-antonio-tapia-herrera\/\">Ricardo Antonio Tapia Herrera<\/a><\/td>\n<\/tr>\n<tr class=\"row-48\">\n\t<td class=\"column-1\">47<\/td><td class=\"column-2\"><a href=\"https:\/\/www.municipiosciudadsur.cl\/portal\/ruben-suau\/\">Rub\u00e9n Suau<\/a><\/td>\n<\/tr>\n<tr class=\"row-49\">\n\t<td class=\"column-1\">48<\/td><td class=\"column-2\"><a href=\"https:\/\/www.municipiosciudadsur.cl\/portal\/sebastian-casas-segovia\/\">Sebasti\u00e1n Casas Segovia<\/a><\/td>\n<\/tr>\n<tr class=\"row-50\">\n\t<td class=\"column-1\">49<\/td><td class=\"column-2\"><a href=\"https:\/\/www.municipiosciudadsur.cl\/portal\/sebastian-zuniga\/\">Sebasti\u00e1n Z\u00fa\u00f1iga<\/a><\/td>\n<\/tr>\n<tr class=\"row-51\">\n\t<td class=\"column-1\">50<\/td><td class=\"column-2\"><a href=\"https:\/\/www.municipiosciudadsur.cl\/portal\/simon-gonzalez-rojo\/\">Sim\u00f3n Gonz\u00e1lez Rojo<\/a><\/td>\n<\/tr>\n<tr class=\"row-52\">\n\t<td class=\"column-1\">51<\/td><td class=\"column-2\"><a href=\"https:\/\/www.municipiosciudadsur.cl\/portal\/taco-aguja-max-castillo-y-lautaro-carrasco-briceno\/\">Taco Aguja \/ Max Castillo y Lautaro Carrasco Brice\u00f1o<\/a><\/td>\n<\/tr>\n<tr class=\"row-53\">\n\t<td class=\"column-1\">52<\/td><td class=\"column-2\"><a href=\"https:\/\/www.municipiosciudadsur.cl\/portal\/tatiana-ceballos-pina\/\">Tatiana Ceballos Pi\u00f1a<\/a><\/td>\n<\/tr>\n<tr class=\"row-54\">\n\t<td class=\"column-1\">53<\/td><td class=\"column-2\"><a href=\"https:\/\/www.municipiosciudadsur.cl\/portal\/valentina-cordova-suazo\/\">Valentina C\u00f3rdova Suazo<\/a><\/td>\n<\/tr>\n<tr class=\"row-55\">\n\t<td class=\"column-1\">54<\/td><td class=\"column-2\"><a href=\"https:\/\/www.municipiosciudadsur.cl\/portal\/vanessa-andrea-devia-parra\/\">Vanessa Andrea Devia Parra<\/a><\/td>\n<\/tr>\n<tr class=\"row-56\">\n\t<td class=\"column-1\">55<\/td><td class=\"column-2\"><a href=\"https:\/\/www.municipiosciudadsur.cl\/portal\/walter-delgado-ramirez\/\">Walter Delgado Ram\u00edrez<\/a><\/td>\n<\/tr>\n<tr class=\"row-57\">\n\t<td class=\"column-1\">56<\/td><td class=\"column-2\"><a href=\"https:\/\/www.municipiosciudadsur.cl\/portal\/yomara-pavez\/\">Yomara Pavez Fa\u00fandez<\/a><\/td>\n<\/tr>\n<tr class=\"row-58\">\n\t<td class=\"column-1\">57<\/td><td class=\"column-2\"><a href=\"https:\/\/www.municipiosciudadsur.cl\/portal\/dark-start\/\">Dark Start<\/a><\/td>\n<\/tr>\n<tr class=\"row-59\">\n\t<td class=\"column-1\">58<\/td><td class=\"column-2\"><a href=\"https:\/\/www.municipiosciudadsur.cl\/portal\/erick-con-c-y-k\/\">Erick con C y K<\/a><\/td>\n<\/tr>\n<tr class=\"row-60\">\n\t<td class=\"column-1\">59<\/td><td class=\"column-2\"><a href=\"https:\/\/www.municipiosciudadsur.cl\/portal\/motorama-funk\/\">Motorama Funk<\/a><\/td>\n<\/tr>\n<\/tbody>\n<tfoot>\n<tr class=\"row-61\">\n\t<th class=\"column-1\">60<\/th><th class=\"column-2\"><a href=\"https:\/\/www.municipiosciudadsur.cl\/portal\/seiten-wall\/\">Seiten Wall<\/a><\/th>\n<\/tr>\n<\/tfoot>\n<\/table>\n<span id=\"tablepress-3-description\" class=\"tablepress-table-description tablepress-table-description-id-3\">3-ram-artes-musicales.csv<\/span>\n<!-- #tablepress-3 from cache -->\n","protected":false},"excerpt":{"rendered":"","protected":false},"author":1,"featured_media":0,"parent":0,"menu_order":0,"comment_status":"closed","ping_status":"closed","template":"full-width-page.php","meta":{"ngg_post_thumbnail":0,"footnotes":""},"class_list":["post-1596","page","type-page","status-publish","hentry"],"_links":{"self":[{"href":"https:\/\/www.municipiosciudadsur.cl\/portal\/wp-json\/wp\/v2\/pages\/1596","targetHints":{"allow":["GET"]}}],"collection":[{"href":"https:\/\/www.municipiosciudadsur.cl\/portal\/wp-json\/wp\/v2\/pages"}],"about":[{"href":"https:\/\/www.municipiosciudadsur.cl\/portal\/wp-json\/wp\/v2\/types\/page"}],"author":[{"embeddable":true,"href":"https:\/\/www.municipiosciudadsur.cl\/portal\/wp-json\/wp\/v2\/users\/1"}],"replies":[{"embeddable":true,"href":"https:\/\/www.municipiosciudadsur.cl\/portal\/wp-json\/wp\/v2\/comments?post=1596"}],"version-history":[{"count":4,"href":"https:\/\/www.municipiosciudadsur.cl\/portal\/wp-json\/wp\/v2\/pages\/1596\/revisions"}],"predecessor-version":[{"id":1832,"href":"https:\/\/www.municipiosciudadsur.cl\/portal\/wp-json\/wp\/v2\/pages\/1596\/revisions\/1832"}],"wp:attachment":[{"href":"https:\/\/www.municipiosciudadsur.cl\/portal\/wp-json\/wp\/v2\/media?parent=1596"}],"curies":[{"name":"wp","href":"https:\/\/api.w.org\/{rel}","templated":true}]}}