{"id":1590,"date":"2024-01-05T23:48:56","date_gmt":"2024-01-06T02:48:56","guid":{"rendered":"https:\/\/www.municipiosciudadsur.cl\/portal\/?page_id=1590"},"modified":"2024-11-21T10:06:54","modified_gmt":"2024-11-21T13:06:54","slug":"red-de-agentes-culturales-de-artes-escenicas-ciudad-sur","status":"publish","type":"page","link":"https:\/\/www.municipiosciudadsur.cl\/portal\/red-de-agentes-culturales-de-artes-escenicas-ciudad-sur\/","title":{"rendered":"RED DE AGENTES CULTURALES DE ARTES ESC\u00c9NICAS"},"content":{"rendered":"\t\t<div data-elementor-type=\"wp-page\" data-elementor-id=\"1590\" class=\"elementor elementor-1590\">\n\t\t\t\t<div class=\"elementor-element elementor-element-4ce689df e-con-full e-flex e-con e-parent\" data-id=\"4ce689df\" data-element_type=\"container\">\n\t\t\t\t<div class=\"elementor-element elementor-element-79c8fddd elementor-widget elementor-widget-text-editor\" data-id=\"79c8fddd\" data-element_type=\"widget\" data-widget_type=\"text-editor.default\">\n\t\t\t\t<div class=\"elementor-widget-container\">\n\t\t\t\t\t\t\t\t\t<p>\u00a0<\/p>\n<p><\/p>\n<p><span style=\"font-size: 20px;\"><\/p>\n<table id=\"tablepress-1\" class=\"tablepress tablepress-id-1\">\n<thead>\n<tr class=\"row-1\">\n<th class=\"column-1\">N\u00ba<\/th>\n<th class=\"column-2\">Nombre<\/th>\n<\/tr>\n<\/thead>\n<tbody class=\"row-striping row-hover\">\n<tr class=\"row-2\">\n<td class=\"column-1\">1<\/td>\n<td class=\"column-2\"><a href=\"https:\/\/www.municipiosciudadsur.cl\/portal\/alejandra-hernandez-red-de-titirits-de-chile\/\">Alejandra Hern\u00e1ndez \/ Red de Titiriter@s de Chile<\/a><\/td>\n<\/tr>\n<tr class=\"row-3\">\n<td class=\"column-1\">2<\/td>\n<td class=\"column-2\"><a href=\"https:\/\/www.municipiosciudadsur.cl\/portal\/alexandra-leal-terraza-2\/\">Alexandra Leal Terraza<\/a><\/td>\n<\/tr>\n<tr class=\"row-4\">\n<td class=\"column-1\">3<\/td>\n<td class=\"column-2\"><a href=\"https:\/\/www.municipiosciudadsur.cl\/portal\/jamila-sharik-ana-maria-gonzalez-becerra\/\">Jamila Sharik \/ Ana Mar\u00eda Gonz\u00e1lez Becerra<\/a><\/td>\n<\/tr>\n<tr class=\"row-5\">\n<td class=\"column-1\">4<\/td>\n<td class=\"column-2\"><a href=\"https:\/\/www.municipiosciudadsur.cl\/portal\/angela-suau-maldonado\/\">\u00c1ngela Suau Maldonado<\/a><\/td>\n<\/tr>\n<tr class=\"row-6\">\n<td class=\"column-1\">5<\/td>\n<td class=\"column-2\"><a href=\"https:\/\/www.municipiosciudadsur.cl\/portal\/antonia-garrido-gonzalez\/\">Antonia Garrido Gonz\u00e1lez<\/a><\/td>\n<\/tr>\n<tr class=\"row-7\">\n<td class=\"column-1\">6<\/td>\n<td class=\"column-2\"><a href=\"https:\/\/www.municipiosciudadsur.cl\/portal\/arturo-rafael-santoyo-guerrero\/\">Arturo Rafael Santoyo Guerrero<\/a><\/td>\n<\/tr>\n<tr class=\"row-8\">\n<td class=\"column-1\">7<\/td>\n<td class=\"column-2\"><a href=\"https:\/\/www.municipiosciudadsur.cl\/portal\/belen-sanchez-rosales\/\">Bel\u00e9n S\u00e1nchez Rosales<\/a><\/td>\n<\/tr>\n<tr class=\"row-9\">\n<td class=\"column-1\">8<\/td>\n<td class=\"column-2\"><a href=\"https:\/\/www.municipiosciudadsur.cl\/portal\/brenda-sandoval\/\">Brenda Sandoval<\/a><\/td>\n<\/tr>\n<tr class=\"row-10\">\n<td class=\"column-1\">9<\/td>\n<td class=\"column-2\"><a href=\"https:\/\/www.municipiosciudadsur.cl\/portal\/camila-basilio\/\">Camila Basilio<\/a><\/td>\n<\/tr>\n<tr class=\"row-11\">\n<td class=\"column-1\">10<\/td>\n<td class=\"column-2\"><a href=\"https:\/\/www.municipiosciudadsur.cl\/portal\/catalina-fernanda-orellana-gomez\/\">Catalina Fernanda Orellana G\u00f3mez<\/a><\/td>\n<\/tr>\n<tr class=\"row-12\">\n<td class=\"column-1\">11<\/td>\n<td class=\"column-2\"><a href=\"https:\/\/www.municipiosciudadsur.cl\/portal\/catalina-tapia-abarca\/\">Catalina Tapia Abarca<\/a><\/td>\n<\/tr>\n<tr class=\"row-13\">\n<td class=\"column-1\">12<\/td>\n<td class=\"column-2\"><a href=\"https:\/\/www.municipiosciudadsur.cl\/portal\/claudio-farias-zamorano-compania-eduarte\/\">Claudio Far\u00edas Zamorano \/ Compa\u00f1\u00eda \u201cEduarte\u201d<\/a><\/td>\n<\/tr>\n<tr class=\"row-14\">\n<td class=\"column-1\">13<\/td>\n<td class=\"column-2\"><a href=\"https:\/\/www.municipiosciudadsur.cl\/portal\/claudio-narciso-orellana-astudillo\/\">Claudio Narciso Orellana Astudillo<\/a><\/td>\n<\/tr>\n<tr class=\"row-15\">\n<td class=\"column-1\">14<\/td>\n<td class=\"column-2\"><a href=\"https:\/\/www.municipiosciudadsur.cl\/portal\/cristian-ignacio-valdivia-barraza\/\">Cristian Ignacio Valdivia Barraza<\/a><\/td>\n<\/tr>\n<tr class=\"row-16\">\n<td class=\"column-1\">15<\/td>\n<td class=\"column-2\"><a href=\"https:\/\/www.municipiosciudadsur.cl\/portal\/denisse-nicole-aguirre-gonzalez\/\">Denisse Nicole Aguirre Gonz\u00e1lez<\/a><\/td>\n<\/tr>\n<tr class=\"row-17\">\n<td class=\"column-1\">16<\/td>\n<td class=\"column-2\"><a href=\"https:\/\/www.municipiosciudadsur.cl\/portal\/daniela-ivana-caroca-pavez\/\">Daniela Ivana Caroca Pavez<\/a><\/td>\n<\/tr>\n<tr class=\"row-18\">\n<td class=\"column-1\">17<\/td>\n<td class=\"column-2\"><a href=\"https:\/\/www.municipiosciudadsur.cl\/portal\/geraldine-chacana\/\">Geraldine Chacana<\/a><\/td>\n<\/tr>\n<tr class=\"row-19\">\n<td class=\"column-1\">18<\/td>\n<td class=\"column-2\"><a href=\"https:\/\/www.municipiosciudadsur.cl\/portal\/glenda-iris-fernandez-noches\/\">Glenda Iris Fern\u00e1ndez Noches<\/a><\/td>\n<\/tr>\n<tr class=\"row-20\">\n<td class=\"column-1\">19<\/td>\n<td class=\"column-2\"><a href=\"https:\/\/www.municipiosciudadsur.cl\/portal\/grace-gonzalez-rios\/\">Grace Gonz\u00e1lez R\u00edos<\/a><\/td>\n<\/tr>\n<tr class=\"row-21\">\n<td class=\"column-1\">20<\/td>\n<td class=\"column-2\"><a href=\"https:\/\/www.municipiosciudadsur.cl\/portal\/elizabeth-guzman-festival-candelilla\/\">Elizabeth Guzm\u00e1n \/ Festival Candelilla<\/a><\/td>\n<\/tr>\n<tr class=\"row-22\">\n<td class=\"column-1\">21<\/td>\n<td class=\"column-2\"><a href=\"https:\/\/www.municipiosciudadsur.cl\/portal\/emerson-velasquez-gonzalez-compania-organismo-teatro\/\">Emerson Vel\u00e1squez Gonz\u00e1lez \/ Compa\u00f1\u00eda Organismo Teatro<\/a><\/td>\n<\/tr>\n<tr class=\"row-23\">\n<td class=\"column-1\">22<\/td>\n<td class=\"column-2\"><a href=\"https:\/\/www.municipiosciudadsur.cl\/portal\/ernesto-ignacio-de-la-pena-santibanez-gestion-cultura\/\">Ernesto Ignacio De la Pe\u00f1a Santib\u00e1\u00f1ez \/ \u201cGesti\u00f3n Cultura\u201d<\/a><\/td>\n<\/tr>\n<tr class=\"row-24\">\n<td class=\"column-1\">23<\/td>\n<td class=\"column-2\"><a href=\"https:\/\/www.municipiosciudadsur.cl\/portal\/fabian-arellano-moreno-corporacion-cultural-comedia-del-arte-chile\/\">Fabi\u00e1n Arellano Moreno \/ Corporaci\u00f3n Cultural Comedia del Arte Chile<\/a><\/td>\n<\/tr>\n<tr class=\"row-25\">\n<td class=\"column-1\">24<\/td>\n<td class=\"column-2\"><a href=\"https:\/\/www.municipiosciudadsur.cl\/portal\/fabian-flores-rivera-compania-teatro-oculto\/\">Fabi\u00e1n Flores Rivera \/ Compa\u00f1\u00eda \u201cTeatro Oculto\u201d<\/a><\/td>\n<\/tr>\n<tr class=\"row-26\">\n<td class=\"column-1\">25<\/td>\n<td class=\"column-2\"><a href=\"https:\/\/www.municipiosciudadsur.cl\/portal\/fernando-perez-banda-fenita-payaso\/\">Fernando P\u00e9rez Banda \u201cFe\u00f1ita Payaso\u201d<\/a><\/td>\n<\/tr>\n<tr class=\"row-27\">\n<td class=\"column-1\">26<\/td>\n<td class=\"column-2\"><a href=\"https:\/\/www.municipiosciudadsur.cl\/portal\/jacqueline-armijo-callealta-escuela-de-danza-arcudamu\/\">Jacqueline Armijo Callealta \/ Escuela de Danza \u201cARCUDAMU\u201d<\/a><\/td>\n<\/tr>\n<tr class=\"row-28\">\n<td class=\"column-1\">27<\/td>\n<td class=\"column-2\"><a href=\"https:\/\/www.municipiosciudadsur.cl\/portal\/jacqueline-manriquez-acosta\/\">Jacqueline Manr\u00edquez Acosta<\/a><\/td>\n<\/tr>\n<tr class=\"row-29\">\n<td class=\"column-1\">28<\/td>\n<td class=\"column-2\"><a href=\"https:\/\/www.municipiosciudadsur.cl\/portal\/jorge-flores-ormazabal\/\">Jorge Flores Ormaz\u00e1bal<\/a><\/td>\n<\/tr>\n<tr class=\"row-30\">\n<td class=\"column-1\">29<\/td>\n<td class=\"column-2\"><a href=\"https:\/\/www.municipiosciudadsur.cl\/portal\/joshua-daniel-arismendi-navarro\/\">Joshua Daniel Arismendi Navarro<\/a><\/td>\n<\/tr>\n<tr class=\"row-31\">\n<td class=\"column-1\">30<\/td>\n<td class=\"column-2\"><a href=\"https:\/\/www.municipiosciudadsur.cl\/portal\/juan-pablo-lopez-didier\/\">Juan Pablo L\u00f3pez Didier<\/a><\/td>\n<\/tr>\n<tr class=\"row-32\">\n<td class=\"column-1\">31<\/td>\n<td class=\"column-2\"><a href=\"https:\/\/www.municipiosciudadsur.cl\/portal\/juana-ivonne-figueroa-vergara\/\">Juana Ivonne Figueroa Salazar<\/a><\/td>\n<\/tr>\n<tr class=\"row-33\">\n<td class=\"column-1\">32<\/td>\n<td class=\"column-2\"><a href=\"https:\/\/www.municipiosciudadsur.cl\/portal\/luis-rivera-canulef-club-kallfu\/\">Luis Rivera Ca\u00f1ulef \/ Club Kallfu<\/a><\/td>\n<\/tr>\n<tr class=\"row-34\">\n<td class=\"column-1\">33<\/td>\n<td class=\"column-2\"><a href=\"https:\/\/www.municipiosciudadsur.cl\/portal\/maria-eugencia-antipan-painequeo-fraternidad-inti-talla\/\">Mar\u00eda Eugencia Antipan Painequeo \/ \u201cFraternidad INTI TALLA\u201d<\/a><\/td>\n<\/tr>\n<tr class=\"row-35\">\n<td class=\"column-1\">34<\/td>\n<td class=\"column-2\"><a href=\"https:\/\/www.municipiosciudadsur.cl\/portal\/mariela-escalona-garrido\/\">Mariela Escalona Garrido<\/a><\/td>\n<\/tr>\n<tr class=\"row-36\">\n<td class=\"column-1\">35<\/td>\n<td class=\"column-2\"><a href=\"https:\/\/www.municipiosciudadsur.cl\/portal\/mario-bugueno\/\">Mario Bugue\u00f1o<\/a><\/td>\n<\/tr>\n<tr class=\"row-37\">\n<td class=\"column-1\">36<\/td>\n<td class=\"column-2\"><a href=\"https:\/\/www.municipiosciudadsur.cl\/portal\/marisela-lincovil\/\">Marisela Lincovil<\/a><\/td>\n<\/tr>\n<tr class=\"row-38\">\n<td class=\"column-1\">37<\/td>\n<td class=\"column-2\"><a href=\"https:\/\/www.municipiosciudadsur.cl\/portal\/margarita-del-carmen-ramirez-gatica\/\">Margarita del Carmen Ram\u00edrez Gatica<\/a><\/td>\n<\/tr>\n<tr class=\"row-39\">\n<td class=\"column-1\">38<\/td>\n<td class=\"column-2\"><a href=\"https:\/\/www.municipiosciudadsur.cl\/portal\/marlen-hueche-saavedra\/\">Marlen Hueche Saavedra<\/a><\/td>\n<\/tr>\n<tr class=\"row-40\">\n<td class=\"column-1\">39<\/td>\n<td class=\"column-2\"><a href=\"https:\/\/www.municipiosciudadsur.cl\/portal\/margarita-ramirez-gatica\/\">Margarita Ram\u00edrez Gatica<\/a><\/td>\n<\/tr>\n<tr class=\"row-41\">\n<td class=\"column-1\">40<\/td>\n<td class=\"column-2\"><a href=\"https:\/\/www.municipiosciudadsur.cl\/portal\/mauricio-orellana-soto\/\">Mauricio Nicol\u00e1s Orellana Soto<\/a><\/td>\n<\/tr>\n<tr class=\"row-42\">\n<td class=\"column-1\">41<\/td>\n<td class=\"column-2\"><a href=\"https:\/\/www.municipiosciudadsur.cl\/portal\/millaray-antipan\/\">Millaray Javiera Antipan Painequeo<\/a><\/td>\n<\/tr>\n<tr class=\"row-43\">\n<td class=\"column-1\">42<\/td>\n<td class=\"column-2\"><a href=\"https:\/\/www.municipiosciudadsur.cl\/portal\/maximiliano-benjamin-vidal-arriola\/\">Maximiliano Benjam\u00edn Vidal Arriola<\/a><\/td>\n<\/tr>\n<tr class=\"row-44\">\n<td class=\"column-1\">43<\/td>\n<td class=\"column-2\"><a href=\"https:\/\/www.municipiosciudadsur.cl\/portal\/mukhir-dance-viviana-flores-espinoza\/\">Mukhir Dance \/ Viviana Flores Espinoza<\/a><\/td>\n<\/tr>\n<tr class=\"row-45\">\n<td class=\"column-1\">44<\/td>\n<td class=\"column-2\"><a href=\"https:\/\/www.municipiosciudadsur.cl\/portal\/natalia-bermudez-jorquera-centro-cultural-altair\/\">Natalia Berm\u00fadez Jorquera \/ Centro Cultural Altair<\/a><\/td>\n<\/tr>\n<tr class=\"row-46\">\n<td class=\"column-1\">45<\/td>\n<td class=\"column-2\"><a href=\"https:\/\/www.municipiosciudadsur.cl\/portal\/nataly-contreras-maldonado-agrupacion-tribu-mamaterna\/\">Nataly Contreras Maldonado \/ Agrupaci\u00f3n Tribu Mamaterna<\/a><\/td>\n<\/tr>\n<tr class=\"row-47\">\n<td class=\"column-1\">46<\/td>\n<td class=\"column-2\"><a href=\"https:\/\/www.municipiosciudadsur.cl\/portal\/nathaly-flores\/\">Nathaly Flores<\/a><\/td>\n<\/tr>\n<tr class=\"row-48\">\n<td class=\"column-1\">47<\/td>\n<td class=\"column-2\"><a href=\"https:\/\/www.municipiosciudadsur.cl\/portal\/nicolas-soto-cancino-fundacion-calibrarte\/\">Nicol\u00e1s Soto Cancino \/ Fundaci\u00f3n Calibrarte<\/a><\/td>\n<\/tr>\n<tr class=\"row-49\">\n<td class=\"column-1\">48<\/td>\n<td class=\"column-2\"><a href=\"https:\/\/www.municipiosciudadsur.cl\/portal\/oscar-sebastian-molina-medina\/\">\u00d3scar Sebasti\u00e1n Molina Medina<\/a><\/td>\n<\/tr>\n<tr class=\"row-50\">\n<td class=\"column-1\">49<\/td>\n<td class=\"column-2\"><a href=\"https:\/\/www.municipiosciudadsur.cl\/portal\/pamela-balcazar-munoz\/\">Pamela Balcazar Mu\u00f1oz<\/a><\/td>\n<\/tr>\n<tr class=\"row-51\">\n<td class=\"column-1\">50<\/td>\n<td class=\"column-2\"><a href=\"https:\/\/www.municipiosciudadsur.cl\/portal\/pamela-nunez-baeza\/\">Pamela N\u00fa\u00f1ez Baeza<\/a><\/td>\n<\/tr>\n<tr class=\"row-52\">\n<td class=\"column-1\">51<\/td>\n<td class=\"column-2\"><a href=\"https:\/\/www.municipiosciudadsur.cl\/portal\/patricio-munoz-paredes-compania-teatro-ingenio-movimiento\/\">Patricio Mu\u00f1oz Paredes \/ Compa\u00f1\u00eda \u201cTeatro Ingenio Movimiento\u201d<\/a><\/td>\n<\/tr>\n<tr class=\"row-53\">\n<td class=\"column-1\">52<\/td>\n<td class=\"column-2\"><a href=\"https:\/\/www.municipiosciudadsur.cl\/portal\/paula-gonzalez\/\">Paula Gonz\u00e1lez<\/a><\/td>\n<\/tr>\n<tr class=\"row-54\">\n<td class=\"column-1\">53<\/td>\n<td class=\"column-2\"><a href=\"https:\/\/www.municipiosciudadsur.cl\/portal\/rosa-madrid\/\">Rosa Madrid<\/a><\/td>\n<\/tr>\n<tr class=\"row-55\">\n<td class=\"column-1\">54<\/td>\n<td class=\"column-2\"><a href=\"https:\/\/www.municipiosciudadsur.cl\/portal\/labuenamafia-compania-ruben-calixto-silva-y-daniela-mundaca-dahmen\/\">LABUENAMAFIA Compa\u00f1\u00eda \/ Rub\u00e9n Calixto Silva y Daniela Mundaca Dahmen<\/a><\/td>\n<\/tr>\n<tr class=\"row-56\">\n<td class=\"column-1\">55<\/td>\n<td class=\"column-2\"><a href=\"https:\/\/www.municipiosciudadsur.cl\/portal\/stephanie-vanessa-meyer-berrios\/\">Stephanie Vanessa Meyer Berr\u00edos<\/a><\/td>\n<\/tr>\n<tr class=\"row-57\">\n<td class=\"column-1\">56<\/td>\n<td class=\"column-2\"><a href=\"https:\/\/www.municipiosciudadsur.cl\/portal\/sopaipilla-teatro-andres-saavedra-y-marcela-rodriguez\/\">Sopaipilla Teatro \/ Andr\u00e9s Saavedra y Marcela Rodr\u00edguez<\/a><\/td>\n<\/tr>\n<tr class=\"row-58\">\n<td class=\"column-1\">57<\/td>\n<td class=\"column-2\"><a href=\"https:\/\/www.municipiosciudadsur.cl\/portal\/union-comunal-de-grupos-folkloricos-de-san-jaoquin-miguel-severino\/\">Uni\u00f3n Comunal de Grupos Folkl\u00f3ricos de San Jaoqu\u00edn \/ Miguel Severino<\/a><\/td>\n<\/tr>\n<tr class=\"row-59\">\n<td class=\"column-1\">58<\/td>\n<td class=\"column-2\"><a href=\"https:\/\/www.municipiosciudadsur.cl\/portal\/juan-pablo-animador\/\">Juan Pablo Animador<\/a><\/td>\n<\/tr>\n<\/tbody>\n<\/table>\n<p><!-- #tablepress-1 from cache --><\/span><\/p>\n<p>\n<\/p>\t\t\t\t\t\t\t\t<\/div>\n\t\t\t\t<\/div>\n\t\t\t\t<\/div>\n\t\t<div class=\"elementor-element elementor-element-99cb2f6 e-flex e-con-boxed e-con e-parent\" data-id=\"99cb2f6\" data-element_type=\"container\">\n\t\t\t\t\t<div class=\"e-con-inner\">\n\t\t\t\t<div class=\"elementor-element elementor-element-d9a536c elementor-widget elementor-widget-bdt-tablepress\" data-id=\"d9a536c\" data-element_type=\"widget\" data-widget_type=\"bdt-tablepress.default\">\n\t\t\t\t<div class=\"elementor-widget-container\">\n\t\t\t\t\t<div class=\"bdt-tablepress\">\n<table id=\"tablepress-7\" class=\"tablepress tablepress-id-7\">\n<thead>\n<tr class=\"row-1\">\n\t<th class=\"column-1\">N\u00b0<\/th><th class=\"column-2\">Nombres<\/th>\n<\/tr>\n<\/thead>\n<tbody class=\"row-striping row-hover\">\n<tr class=\"row-2\">\n\t<td class=\"column-1\">1<\/td><td class=\"column-2\">Daniel<\/td>\n<\/tr>\n<tr class=\"row-3\">\n\t<td class=\"column-1\"><\/td><td class=\"column-2\"><\/td>\n<\/tr>\n<tr class=\"row-4\">\n\t<td class=\"column-1\"><\/td><td class=\"column-2\"><\/td>\n<\/tr>\n<tr class=\"row-5\">\n\t<td class=\"column-1\"><\/td><td class=\"column-2\"><\/td>\n<\/tr>\n<\/tbody>\n<\/table>\n<!-- #tablepress-7 from cache --><\/div>\t\t\t\t<\/div>\n\t\t\t\t<\/div>\n\t\t\t\t\t<\/div>\n\t\t\t\t<\/div>\n\t\t\t\t<\/div>\n\t\t","protected":false},"excerpt":{"rendered":"<p>\u00a0<\/p>\n","protected":false},"author":1,"featured_media":0,"parent":0,"menu_order":0,"comment_status":"closed","ping_status":"closed","template":"full-width-page.php","meta":{"ngg_post_thumbnail":0,"footnotes":""},"class_list":["post-1590","page","type-page","status-publish","hentry"],"_links":{"self":[{"href":"https:\/\/www.municipiosciudadsur.cl\/portal\/wp-json\/wp\/v2\/pages\/1590","targetHints":{"allow":["GET"]}}],"collection":[{"href":"https:\/\/www.municipiosciudadsur.cl\/portal\/wp-json\/wp\/v2\/pages"}],"about":[{"href":"https:\/\/www.municipiosciudadsur.cl\/portal\/wp-json\/wp\/v2\/types\/page"}],"author":[{"embeddable":true,"href":"https:\/\/www.municipiosciudadsur.cl\/portal\/wp-json\/wp\/v2\/users\/1"}],"replies":[{"embeddable":true,"href":"https:\/\/www.municipiosciudadsur.cl\/portal\/wp-json\/wp\/v2\/comments?post=1590"}],"version-history":[{"count":50,"href":"https:\/\/www.municipiosciudadsur.cl\/portal\/wp-json\/wp\/v2\/pages\/1590\/revisions"}],"predecessor-version":[{"id":3162,"href":"https:\/\/www.municipiosciudadsur.cl\/portal\/wp-json\/wp\/v2\/pages\/1590\/revisions\/3162"}],"wp:attachment":[{"href":"https:\/\/www.municipiosciudadsur.cl\/portal\/wp-json\/wp\/v2\/media?parent=1590"}],"curies":[{"name":"wp","href":"https:\/\/api.w.org\/{rel}","templated":true}]}}